{"id":2,"date":"2016-05-10T03:48:21","date_gmt":"2016-05-10T03:48:21","guid":{"rendered":"http:\/\/sv-diekamp.de\/?page_id=2"},"modified":"2025-06-03T13:35:05","modified_gmt":"2025-06-03T13:35:05","slug":"sample-page","status":"publish","type":"page","link":"https:\/\/sv-diekamp.de\/","title":{"rendered":"Marco Diekamp"},"content":{"rendered":"\n<p>Dachdeckermeister<\/p>\n\n\n\n<p>Staatl. anerkannter Fachleiter f\u00fcr Dach,-Wand- und Abdichtungstechnik<\/p>\n\n\n\n<p>Von der Handwerkskammer Osnabr\u00fcck- Emsland- Grafschaft<\/p>\n\n\n\n<p>Bentheim \u00f6ffentlich bestellter und vereidigter Sachverst\u00e4ndiger<\/p>\n\n\n\n<p>f\u00fcr das Dachdeckerhandwerk<\/p>\n\n\n\n<p>Bernardstra\u00dfe 42<\/p>\n\n\n\n<p>49809 Lingen<\/p>\n\n\n\n<p>Telefon: 0591 61070958<\/p>\n\n\n\n<p>Telefax: 0591 61070959<\/p>\n\n\n\n<figure class=\"wp-block-image size-full\"><img loading=\"lazy\" decoding=\"async\" width=\"67\" height=\"66\" src=\"http:\/\/sv-diekamp.de\/wp-content\/uploads\/2025\/04\/md.png\" alt=\"\" class=\"wp-image-9\"\/><\/figure>\n\n\n\n<div style=\"height:100px\" aria-hidden=\"true\" class=\"wp-block-spacer\"><\/div>\n\n\n\n<p>Seit dem Jahre 2014 bin ich als \u00f6ffentlich bestellter Sachverst\u00e4ndiger f\u00fcr das Dachdeckerhandwerk t\u00e4tig und besch\u00e4ftige mich mit folgenden Schwerpunkten:<\/p>\n\n\n\n<p>\u2013 Gerichtsgutachten<br>\u2013 Schiedsgutachten<br>\u2013 Privatgutachten (beinhaltet auch Versicherungsgutachten, Gutachten f\u00fcr \u00f6ffentliche Auftraggeber, etc.)<br>\u2013 Begutachtung von Sch\u00e4den im Bereich Dach-, Wand- und Abdichtungstechnik<br>\u2013 Beratung bei Sch\u00e4den<br>\u2013 Beratung und Planung bei Neubau<br>\u2013 Sanierungskonzepte<br><\/p>\n","protected":false},"excerpt":{"rendered":"<p>Dachdeckermeister Staatl. anerkannter Fachleiter f\u00fcr Dach,-Wand- und Abdichtungstechnik Von der Handwerkskammer Osnabr\u00fcck- Emsland- Grafschaft Bentheim \u00f6ffentlich bestellter und vereidigter Sachverst\u00e4ndiger f\u00fcr das Dachdeckerhandwerk Bernardstra\u00dfe 42 49809 Lingen Telefon: 0591 61070958 Telefax: 0591 61070959 Seit dem Jahre 2014 bin ich als \u00f6ffentlich bestellter Sachverst\u00e4ndiger f\u00fcr das Dachdeckerhandwerk t\u00e4tig und besch\u00e4ftige mich mit folgenden Schwerpunkten: \u2013 Gerichtsgutachten\u2013 [&hellip;]<\/p>\n","protected":false},"author":1,"featured_media":0,"parent":0,"menu_order":0,"comment_status":"closed","ping_status":"open","template":"","meta":{"footnotes":""},"class_list":["post-2","page","type-page","status-publish","hentry"],"_links":{"self":[{"href":"https:\/\/sv-diekamp.de\/index.php?rest_route=\/wp\/v2\/pages\/2","targetHints":{"allow":["GET"]}}],"collection":[{"href":"https:\/\/sv-diekamp.de\/index.php?rest_route=\/wp\/v2\/pages"}],"about":[{"href":"https:\/\/sv-diekamp.de\/index.php?rest_route=\/wp\/v2\/types\/page"}],"author":[{"embeddable":true,"href":"https:\/\/sv-diekamp.de\/index.php?rest_route=\/wp\/v2\/users\/1"}],"replies":[{"embeddable":true,"href":"https:\/\/sv-diekamp.de\/index.php?rest_route=%2Fwp%2Fv2%2Fcomments&post=2"}],"version-history":[{"count":7,"href":"https:\/\/sv-diekamp.de\/index.php?rest_route=\/wp\/v2\/pages\/2\/revisions"}],"predecessor-version":[{"id":24,"href":"https:\/\/sv-diekamp.de\/index.php?rest_route=\/wp\/v2\/pages\/2\/revisions\/24"}],"wp:attachment":[{"href":"https:\/\/sv-diekamp.de\/index.php?rest_route=%2Fwp%2Fv2%2Fmedia&parent=2"}],"curies":[{"name":"wp","href":"https:\/\/api.w.org\/{rel}","templated":true}]}}